{"id":2,"date":"2023-01-03T18:38:04","date_gmt":"2023-01-03T15:38:04","guid":{"rendered":"https:\/\/freestudieswordpress.gr\/oikotexneiontherapeion\/?page_id=2"},"modified":"2026-02-27T22:01:25","modified_gmt":"2026-02-27T19:01:25","slug":"sample-page","status":"publish","type":"page","link":"https:\/\/freestudieswordpress.gr\/oikotexneiontherapeion\/sample-page\/","title":{"rendered":"\u0394\u03b5\u03af\u03b3\u03bc\u03b1 \u03c3\u03b5\u03bb\u03af\u03b4\u03b1\u03c2"},"content":{"rendered":"\r\n<p>\u0391\u03c5\u03c4\u03ae \u03b5\u03af\u03bd\u03b1\u03b9 \u03bc\u03b9\u03b1 \u03c3\u03b5\u03bb\u03af\u03b4\u03b1 \u03c0\u03b1\u03c1\u03ac\u03b4\u03b5\u03b9\u03b3\u03bc\u03b1. \u0395\u03af\u03bd\u03b1\u03b9 \u03b4\u03b9\u03b1\u03c6\u03bf\u03c1\u03b5\u03c4\u03b9\u03ba\u03ae \u03b1\u03c0\u03cc \u03ad\u03bd\u03b1 \u03ac\u03c1\u03b8\u03c1\u03bf \u03c3\u03c4\u03bf \u03b9\u03c3\u03c4\u03bf\u03bb\u03cc\u03b3\u03b9\u03bf \u03b3\u03b9\u03b1\u03c4\u03af \u03b8\u03b1 \u03bc\u03b5\u03af\u03bd\u03b5\u03b9 \u03c3\u03b5 \u03ad\u03bd\u03b1 \u03bc\u03ad\u03c1\u03bf\u03c2 \u03ba\u03b1\u03b9 \u03b8\u03b1 \u03b5\u03bc\u03c6\u03b1\u03bd\u03af\u03b6\u03b5\u03c4\u03b1\u03b9 \u03c3\u03c4\u03bf \u03bc\u03b5\u03bd\u03bf\u03cd \u03c0\u03bb\u03bf\u03ae\u03b3\u03b7\u03c3\u03b7\u03c2(\u03c3\u03c4\u03b1 \u03c0\u03b5\u03c1\u03b9\u03c3\u03c3\u03cc\u03c4\u03b5\u03c1\u03b1 \u03b8\u03ad\u03bc\u03b1\u03c4\u03b1). \u039f\u03b9 \u03c0\u03b5\u03c1\u03b9\u03c3\u03c3\u03cc\u03c4\u03b5\u03c1\u03bf\u03b9 \u03be\u03b5\u03ba\u03b9\u03bd\u03bf\u03cd\u03bd \u03bc\u03b5 \u03bc\u03b9\u03b1 \u03a0\u03b5\u03c1\u03af \u03c3\u03b5\u03bb\u03af\u03b4\u03b1 \u03b7 \u03bf\u03c0\u03bf\u03af\u03b1 \u03c0\u03b1\u03c1\u03bf\u03c5\u03c3\u03b9\u03ac\u03b6\u03b5\u03b9 \u03c4\u03b9\u03c2<a href=\"https:\/\/www.daysrelax.com\/\"><strong>relaxdays gmbh<\/strong><\/a> <a href=\"http:\/\/kerker3.com\/\"><strong>kerker3.com<\/strong><\/a> <a href=\"https:\/\/mumbaiescorts69.co.in\/\"><strong>mumbaiescorts69<\/strong><\/a> <a href=\"https:\/\/www.eastpaksac.com\/\"><strong>eastpak padded pakr<\/strong><\/a> <a href=\"https:\/\/lakshyaved.com\/\"><strong>lakshyaved<\/strong><\/a> <a href=\"https:\/\/www.bmxhelm.com\/\"><strong>bmx fahrrad<\/strong><\/a> <a href=\"https:\/\/wwcfw.church\/\"><strong>wwcfw<\/strong><\/a> <a href=\"http:\/\/abrardiagnostics.com.pk\/\"><strong>abrardiagnostics.com.pk<\/strong><\/a> <a href=\"https:\/\/www.kleankanteentrinkflasche.com\/\"><strong>trinkflasche edelstahl<\/strong><\/a> <a href=\"https:\/\/4giptv.com\/\"><strong>4giptv<\/strong><\/a> <a href=\"https:\/\/www.blundstoneuomo.com\/\"><strong>stivali blundstone<\/strong><\/a> <a href=\"https:\/\/www.eastpaksac.com\/\"><strong>eastpak padded pakr<\/strong><\/a> <a href=\"https:\/\/www.eastpaksac.com\/\"><strong>eastpak padded pakr<\/strong><\/a> <a href=\"https:\/\/mumbaiescorts69.co.in\/\"><strong>mumbaiescorts69<\/strong><\/a> <a href=\"https:\/\/mumbaiescorts69.co.in\/\"><strong>mumbaiescorts69<\/strong><\/a> \u03b4\u03c5\u03bd\u03b1\u03c4\u03cc\u03c4\u03b7\u03c4\u03b5\u03c2 \u03c4\u03bf\u03c5 \u03b9\u03c3\u03c4\u03cc\u03c4\u03bf\u03c0\u03bf\u03c5. \u039c\u03c0\u03bf\u03c1\u03b5\u03af \u03bd\u03b1 \u03bb\u03ad\u03b5\u03b9 \u03ba\u03ac\u03c4\u03b9 \u03cc\u03c0\u03c9\u03c2 \u03b1\u03c5\u03c4\u03cc:<\/p>\r\n\r\n\r\n\r\n<blockquote class=\"wp-block-quote\">\r\n<p>\u039d\u03b1\u0384&#8217;\u03bc\u03b1\u03b9 \u03ba\u03b1\u03b9 \u03b5\u03b3\u03c9! \u0395\u03af\u03bc\u03b1\u03b9 \u03b4\u03b9\u03b1\u03bd\u03bf\u03bc\u03ad\u03b1\u03c2 \u03bc\u03b5 \u03c0\u03bf\u03b4\u03ae\u03bb\u03b1\u03c4\u03bf \u03c4\u03b7\u03bd \u03b7\u03bc\u03ad\u03c1\u03b1, \u03b5\u03bc\u03c0\u03bd\u03b5\u03c5\u03c3\u03bc\u03ad\u03bd\u03bf\u03c2 \u03c4\u03c1\u03b1\u03b3\u03bf\u03c5\u03c3\u03c4\u03b9\u03ba\u03ae\u03c2 \u03c4\u03bf \u03b2\u03c1\u03ac\u03b4\u03c5 \u03ba\u03b1\u03b9 \u03b1\u03c5\u03c4\u03cc\u03c2 \u03b5\u03af\u03bd\u03b1\u03b9 \u03bf \u03b9\u03c3\u03c4\u03cc\u03c4\u03bf\u03c0\u03bf\u03c2 \u03bc\u03bf\u03c5. \u0396\u03c9 \u03c3\u03c4\u03b7\u03bd \u03a3\u03b1\u03bd\u03c4\u03bf\u03c1\u03af\u03bd\u03b7 \u03ba\u03b1\u03b9 \u03ad\u03c7\u03c9 \u03ad\u03bd\u03b1 \u03c3\u03ba\u03cd\u03bb\u03bf \u03c0\u03bf\u03c5 \u03c4\u03bf\u03bd \u03bb\u03ad\u03bd\u03b5 \u03ac\u03c1\u03b3\u03bf, \u03ba\u03b1\u03b9 \u03bc\u03bf\u03c5 \u03b1\u03c1\u03ad\u03c3\u03bf\u03c5\u03bd \u03bf\u03b9 \u03b2\u03bf\u03c5\u03c4\u03b9\u03ad\u03c2 \u03c3\u03c4\u03b7 \u03b8\u03ac\u03bb\u03b1\u03c3\u03c3\u03b1.<\/p>\r\n<\/blockquote>\r\n\r\n\r\n\r\n<p>&#8230;\u03ae \u03ba\u03b1\u03c4\u03b9 \u03c3\u03b1\u03bd \u03b1\u03c5\u03c4\u03cc:<\/p>\r\n\r\n\r\n\r\n<blockquote class=\"wp-block-quote\">\r\n<p>\u0397 \u03b5\u03c4\u03b1\u03b9\u03c1\u03b5\u03af\u03b1 \u03a7\u03a8\u03a9 \u0391\u0395 \u03b9\u03b4\u03c1\u03cd\u03b8\u03b7\u03ba\u03b5 \u03c4\u03bf 1971, \u03ba\u03b1\u03b9 \u03c0\u03c1\u03bf\u03c3\u03c6\u03ad\u03c1\u03b5\u03b9 \u03c4\u03b9\u03c2 \u03c5\u03c0\u03b7\u03c1\u03b5\u03c3\u03af\u03b5\u03c2 \u03c3\u03c4\u03bf \u03ba\u03bf\u03b9\u03bd\u03cc \u03b1\u03c0\u03cc \u03c4\u03b7\u03bd \u03af\u03b4\u03c1\u03c5\u03c3\u03ae \u03c4\u03b7\u03c2. \u0392\u03c1\u03af\u03c3\u03ba\u03b5\u03c4\u03b1\u03b9 \u03c3\u03c4\u03b7 \u0393\u03ba\u03bf\u03b8\u03b1\u03bc \u03a3\u03b9\u03c4\u03c5, \u03bc\u03b5 1.000 \u03b5\u03c1\u03b3\u03b1\u03b6\u03cc\u03bc\u03b5\u03bd\u03bf\u03c5\u03c2 \u03ba\u03b1\u03b9 \u03c0\u03c1\u03bf\u03c3\u03c6\u03ad\u03c1\u03b5\u03b9 \u03cc\u03bb\u03b5\u03c2 \u03c4\u03b9\u03c2 \u03ba\u03b1\u03c4\u03b1\u03c0\u03bb\u03b7\u03c4\u03b9\u03ba\u03ad\u03c2 \u03c4\u03b7\u03c2 \u03c5\u03c0\u03b7\u03c1\u03b5\u03c3\u03af\u03b5\u03c2 \u03c3\u03c4\u03b7\u03bd \u03ba\u03bf\u03b9\u03bd\u03cc\u03c4\u03b7\u03c4\u03b1 \u03c4\u03b7\u03c2 \u03c0\u03cc\u03bb\u03b7\u03c2.<\/p>\r\n<\/blockquote>\r\n\r\n\r\n\r\n<p>\u03a9\u03c2 \u03bd\u03ad\u03bf\u03c2 \u03c7\u03c1\u03ae\u03c3\u03c4\u03b7\u03c2 \u03c4\u03bf\u03c5 WordPress, \u03b8\u03b1 \u03c0\u03c1\u03ad\u03c0\u03b5\u03b9 \u03bd\u03b1 \u03c0\u03ac\u03c4\u03b5 \u03c3\u03c4\u03b7 <a href=\"https:\/\/freestudieswordpress.gr\/oikotexneiontherapeion\/wp-admin\/\">\u03b4\u03b9\u03b1\u03c7\u03b5\u03af\u03c1\u03b9\u03c3\u03ae \u03c3\u03b1\u03c2<\/a> \u03b3\u03b9\u03b1 \u03bd\u03b1 \u03b4\u03b9\u03b1\u03b3\u03c1\u03ac\u03c8\u03b5\u03c4\u03b5 \u03b1\u03c5\u03c4\u03ae \u03c4\u03b7\u03bd \u03c3\u03b5\u03bb\u03af\u03b4\u03b1 \u03ba\u03b1\u03b9 \u03bd\u03b1 \u03b4\u03b7\u03bc\u03b9\u03bf\u03c5\u03c1\u03b3\u03ae\u03c3\u03b5\u03c4\u03b5 \u03bd\u03ad\u03b5\u03c2 \u03c3\u03b5\u03bb\u03af\u03b4\u03b5\u03c2 \u03b3\u03b9\u03b1 \u03c4\u03bf \u03c0\u03b5\u03c1\u03b9\u03b5\u03c7\u03cc\u03bc\u03b5\u03bd\u03bf \u03c3\u03b1\u03c2. \u039d\u03b1 \u03c0\u03b5\u03c1\u03ac\u03c3\u03b5\u03c4\u03b5 \u03cc\u03bc\u03bf\u03c1\u03c6\u03b1!<\/p>\r\n\r\n\r\n<p>Objevte neodolateln\u00e9 nab\u00eddky, kter\u00e9 zahrani\u010dn\u00ed s\u00e1zkov\u00e9 kancel\u00e1\u0159e bonus bez vkladu <a href=\"https:\/\/freemoveteam.cz\/\">zahrani\u010dn\u00ed s\u00e1zkov\u00e9 kancel\u00e1\u0159e bonus bez vkladu<\/a> p\u0159in\u00e1\u0161ej\u00ed, a za\u010dn\u011bte s\u00e1zet bez rizika!<\/p>\r\n","protected":false},"excerpt":{"rendered":"<p>\u0391\u03c5\u03c4\u03ae \u03b5\u03af\u03bd\u03b1\u03b9 \u03bc\u03b9\u03b1 \u03c3\u03b5\u03bb\u03af\u03b4\u03b1 \u03c0\u03b1\u03c1\u03ac\u03b4\u03b5\u03b9\u03b3\u03bc\u03b1. \u0395\u03af\u03bd\u03b1\u03b9 \u03b4\u03b9\u03b1\u03c6\u03bf\u03c1\u03b5\u03c4\u03b9\u03ba\u03ae \u03b1\u03c0\u03cc \u03ad\u03bd\u03b1 \u03ac\u03c1\u03b8\u03c1\u03bf \u03c3\u03c4\u03bf \u03b9\u03c3\u03c4\u03bf\u03bb\u03cc\u03b3\u03b9\u03bf \u03b3\u03b9\u03b1\u03c4\u03af \u03b8\u03b1 \u03bc\u03b5\u03af\u03bd\u03b5\u03b9 \u03c3\u03b5 \u03ad\u03bd\u03b1 \u03bc\u03ad\u03c1\u03bf\u03c2 \u03ba\u03b1\u03b9 \u03b8\u03b1 \u03b5\u03bc\u03c6\u03b1\u03bd\u03af\u03b6\u03b5\u03c4\u03b1\u03b9 \u03c3\u03c4\u03bf \u03bc\u03b5\u03bd\u03bf\u03cd \u03c0\u03bb\u03bf\u03ae\u03b3\u03b7\u03c3\u03b7\u03c2(\u03c3\u03c4\u03b1 \u03c0\u03b5\u03c1\u03b9\u03c3\u03c3\u03cc\u03c4\u03b5\u03c1\u03b1 \u03b8\u03ad\u03bc\u03b1\u03c4\u03b1). \u039f\u03b9 \u03c0\u03b5\u03c1\u03b9\u03c3\u03c3\u03cc\u03c4\u03b5\u03c1\u03bf\u03b9 \u03be\u03b5\u03ba\u03b9\u03bd\u03bf\u03cd\u03bd \u03bc\u03b5 \u03bc\u03b9\u03b1 \u03a0\u03b5\u03c1\u03af \u03c3\u03b5\u03bb\u03af\u03b4\u03b1 \u03b7 \u03bf\u03c0\u03bf\u03af\u03b1 \u03c0\u03b1\u03c1\u03bf\u03c5\u03c3\u03b9\u03ac\u03b6\u03b5\u03b9 \u03c4\u03b9\u03c2relaxdays gmbh kerker3.com mumbaiescorts69 eastpak padded pakr lakshyaved bmx fahrrad wwcfw abrardiagnostics.com.pk trinkflasche edelstahl 4giptv stivali blundstone eastpak padded [&hellip;]<\/p>\n","protected":false},"author":1706,"featured_media":0,"parent":0,"menu_order":0,"comment_status":"closed","ping_status":"open","template":"","meta":[],"_links":{"self":[{"href":"https:\/\/freestudieswordpress.gr\/oikotexneiontherapeion\/wp-json\/wp\/v2\/pages\/2"}],"collection":[{"href":"https:\/\/freestudieswordpress.gr\/oikotexneiontherapeion\/wp-json\/wp\/v2\/pages"}],"about":[{"href":"https:\/\/freestudieswordpress.gr\/oikotexneiontherapeion\/wp-json\/wp\/v2\/types\/page"}],"author":[{"embeddable":true,"href":"https:\/\/freestudieswordpress.gr\/oikotexneiontherapeion\/wp-json\/wp\/v2\/users\/1706"}],"replies":[{"embeddable":true,"href":"https:\/\/freestudieswordpress.gr\/oikotexneiontherapeion\/wp-json\/wp\/v2\/comments?post=2"}],"version-history":[{"count":2,"href":"https:\/\/freestudieswordpress.gr\/oikotexneiontherapeion\/wp-json\/wp\/v2\/pages\/2\/revisions"}],"predecessor-version":[{"id":2547,"href":"https:\/\/freestudieswordpress.gr\/oikotexneiontherapeion\/wp-json\/wp\/v2\/pages\/2\/revisions\/2547"}],"wp:attachment":[{"href":"https:\/\/freestudieswordpress.gr\/oikotexneiontherapeion\/wp-json\/wp\/v2\/media?parent=2"}],"curies":[{"name":"wp","href":"https:\/\/api.w.org\/{rel}","templated":true}]}}