{"id":23,"date":"2023-09-29T21:03:08","date_gmt":"2023-09-29T18:03:08","guid":{"rendered":"https:\/\/freestudieswordpress.gr\/sougeo73\/?page_id=23"},"modified":"2026-02-04T02:08:01","modified_gmt":"2026-02-03T23:08:01","slug":"%ce%b1%cf%81%cf%87%ce%b9%ce%ba%ce%ae","status":"publish","type":"page","link":"https:\/\/freestudieswordpress.gr\/sougeo73\/%ce%b1%cf%81%cf%87%ce%b9%ce%ba%ce%ae\/","title":{"rendered":"\u0391\u03c1\u03c7\u03b9\u03ba\u03ae"},"content":{"rendered":"<h2><span dir=\"auto\" style=\"vertical-align: inherit\"><span dir=\"auto\" style=\"vertical-align: inherit\">Melomakarona in a minute!<\/span><\/span><\/h2>\n<p><img loading=\"lazy\" src=\"https:\/\/freestudieswordpress.gr\/sougeo73\/wp-content\/uploads\/sites\/2153\/2023\/09\/melomakarona-1024x768.jpg\" alt=\"\" width=\"640\" height=\"480\" \/><\/p>\n<p>&nbsp;<\/p>\n<p style=\"margin-bottom: 1.067em;border: 0px;vertical-align: baseline;line-height: 2;color: #000000;font-family: 'Open Sans', Helvetica, Arial, sans-serif\" data-darkreader-inline-border-top=\"\" data-darkreader-inline-border-right=\"\" data-darkreader-inline-border-bottom=\"\" data-darkreader-inline-border-left=\"\" data-darkreader-inline-color=\"\"><strong style=\"margin: 0px;padding: 0px;border: 0px;vertical-align: baseline\" data-darkreader-inline-border-top=\"\" data-darkreader-inline-border-right=\"\" data-darkreader-inline-border-bottom=\"\" data-darkreader-inline-border-left=\"\"><span dir=\"auto\" style=\"vertical-align: inherit\"><span dir=\"auto\" style=\"vertical-align: inherit\">Ingredients for the melomakarona:<\/span><\/span><\/strong><\/p>\n<ul style=\"margin-bottom: 1.067em;margin-left: 0px;padding: 0px 0px 0px 37.5994px;border: 0px;vertical-align: baseline;color: #000000;font-family: 'Open Sans', Helvetica, Arial, sans-serif\" data-darkreader-inline-border-top=\"\" data-darkreader-inline-border-right=\"\" data-darkreader-inline-border-bottom=\"\" data-darkreader-inline-border-left=\"\" data-darkreader-inline-color=\"\">\n<li style=\"margin: 0px;padding: 0px;border: 0px;vertical-align: baseline\" data-darkreader-inline-border-top=\"\" data-darkreader-inline-border-right=\"\" data-darkreader-inline-border-bottom=\"\" data-darkreader-inline-border-left=\"\"><span dir=\"auto\" style=\"vertical-align: inherit\"><span dir=\"auto\" style=\"vertical-align: inherit\">650 g soft flour<\/span><\/span><\/li>\n<li style=\"margin: 0px;padding: 0px;border: 0px;vertical-align: baseline\" data-darkreader-inline-border-top=\"\" data-darkreader-inline-border-right=\"\" data-darkreader-inline-border-bottom=\"\" data-darkreader-inline-border-left=\"\"><span dir=\"auto\" style=\"vertical-align: inherit\"><span dir=\"auto\" style=\"vertical-align: inherit\">380 g fine semolina<\/span><\/span><\/li>\n<li style=\"margin: 0px;padding: 0px;border: 0px;vertical-align: baseline\" data-darkreader-inline-border-top=\"\" data-darkreader-inline-border-right=\"\" data-darkreader-inline-border-bottom=\"\" data-darkreader-inline-border-left=\"\"><span dir=\"auto\" style=\"vertical-align: inherit\"><span dir=\"auto\" style=\"vertical-align: inherit\">125 g icing sugar<\/span><\/span><\/li>\n<li style=\"margin: 0px;padding: 0px;border: 0px;vertical-align: baseline\" data-darkreader-inline-border-top=\"\" data-darkreader-inline-border-right=\"\" data-darkreader-inline-border-bottom=\"\" data-darkreader-inline-border-left=\"\"><span dir=\"auto\" style=\"vertical-align: inherit\"><span dir=\"auto\" style=\"vertical-align: inherit\">50 g honey<\/span><\/span><\/li>\n<li style=\"margin: 0px;padding: 0px;border: 0px;vertical-align: baseline\" data-darkreader-inline-border-top=\"\" data-darkreader-inline-border-right=\"\" data-darkreader-inline-border-bottom=\"\" data-darkreader-inline-border-left=\"\"><span dir=\"auto\" style=\"vertical-align: inherit\"><span dir=\"auto\" style=\"vertical-align: inherit\">1 tsp cinnamon<\/span><\/span><\/li>\n<li style=\"margin: 0px;padding: 0px;border: 0px;vertical-align: baseline\" data-darkreader-inline-border-top=\"\" data-darkreader-inline-border-right=\"\" data-darkreader-inline-border-bottom=\"\" data-darkreader-inline-border-left=\"\"><span dir=\"auto\" style=\"vertical-align: inherit\"><span dir=\"auto\" style=\"vertical-align: inherit\">1\/2 tsp cloves<\/span><\/span><\/li>\n<li style=\"margin: 0px;padding: 0px;border: 0px;vertical-align: baseline\" data-darkreader-inline-border-top=\"\" data-darkreader-inline-border-right=\"\" data-darkreader-inline-border-bottom=\"\" data-darkreader-inline-border-left=\"\"><span dir=\"auto\" style=\"vertical-align: inherit\"><span dir=\"auto\" style=\"vertical-align: inherit\">1 tsp baking soda<\/span><\/span><\/li>\n<li style=\"margin: 0px;padding: 0px;border: 0px;vertical-align: baseline\" data-darkreader-inline-border-top=\"\" data-darkreader-inline-border-right=\"\" data-darkreader-inline-border-bottom=\"\" data-darkreader-inline-border-left=\"\"><span dir=\"auto\" style=\"vertical-align: inherit\"><span dir=\"auto\" style=\"vertical-align: inherit\">1\/2 tsp ammonia<\/span><\/span><\/li>\n<li style=\"margin: 0px;padding: 0px;border: 0px;vertical-align: baseline\" data-darkreader-inline-border-top=\"\" data-darkreader-inline-border-right=\"\" data-darkreader-inline-border-bottom=\"\" data-darkreader-inline-border-left=\"\"><span dir=\"auto\" style=\"vertical-align: inherit\"><span dir=\"auto\" style=\"vertical-align: inherit\">250 ml seed oil<\/span><\/span><\/li>\n<li style=\"margin: 0px;padding: 0px;border: 0px;vertical-align: baseline\" data-darkreader-inline-border-top=\"\" data-darkreader-inline-border-right=\"\" data-darkreader-inline-border-bottom=\"\" data-darkreader-inline-border-left=\"\"><span dir=\"auto\" style=\"vertical-align: inherit\"><span dir=\"auto\" style=\"vertical-align: inherit\">175 ml fresh orange juice<\/span><\/span><\/li>\n<li style=\"margin: 0px;padding: 0px;border: 0px;vertical-align: baseline\" data-darkreader-inline-border-top=\"\" data-darkreader-inline-border-right=\"\" data-darkreader-inline-border-bottom=\"\" data-darkreader-inline-border-left=\"\"><span dir=\"auto\" style=\"vertical-align: inherit\"><span dir=\"auto\" style=\"vertical-align: inherit\">100ml water<\/span><\/span><\/li>\n<li style=\"margin: 0px;padding: 0px;border: 0px;vertical-align: baseline\" data-darkreader-inline-border-top=\"\" data-darkreader-inline-border-right=\"\" data-darkreader-inline-border-bottom=\"\" data-darkreader-inline-border-left=\"\"><span dir=\"auto\" style=\"vertical-align: inherit\"><span dir=\"auto\" style=\"vertical-align: inherit\">Zest of 2 oranges<\/span><\/span><\/li>\n<\/ul>\n<p style=\"margin-bottom: 1.067em;border: 0px;vertical-align: baseline;line-height: 2;color: #000000;font-family: 'Open Sans', Helvetica, Arial, sans-serif\" data-darkreader-inline-border-top=\"\" data-darkreader-inline-border-right=\"\" data-darkreader-inline-border-bottom=\"\" data-darkreader-inline-border-left=\"\" data-darkreader-inline-color=\"\"><strong style=\"margin: 0px;padding: 0px;border: 0px;vertical-align: baseline\" data-darkreader-inline-border-top=\"\" data-darkreader-inline-border-right=\"\" data-darkreader-inline-border-bottom=\"\" data-darkreader-inline-border-left=\"\"><span dir=\"auto\" style=\"vertical-align: inherit\"><span dir=\"auto\" style=\"vertical-align: inherit\">Ingredients for the syrup:<\/span><\/span><\/strong><\/p>\n<ul style=\"margin-bottom: 1.067em;margin-left: 0px;padding: 0px 0px 0px 37.5994px;border: 0px;vertical-align: baseline;color: #000000;font-family: 'Open Sans', Helvetica, Arial, sans-serif\" data-darkreader-inline-border-top=\"\" data-darkreader-inline-border-right=\"\" data-darkreader-inline-border-bottom=\"\" data-darkreader-inline-border-left=\"\" data-darkreader-inline-color=\"\">\n<li style=\"margin: 0px;padding: 0px;border: 0px;vertical-align: baseline\" data-darkreader-inline-border-top=\"\" data-darkreader-inline-border-right=\"\" data-darkreader-inline-border-bottom=\"\" data-darkreader-inline-border-left=\"\"><span dir=\"auto\" style=\"vertical-align: inherit\"><span dir=\"auto\" style=\"vertical-align: inherit\">500ml water<\/span><\/span><\/li>\n<li style=\"margin: 0px;padding: 0px;border: 0px;vertical-align: baseline\" data-darkreader-inline-border-top=\"\" data-darkreader-inline-border-right=\"\" data-darkreader-inline-border-bottom=\"\" data-darkreader-inline-border-left=\"\"><span dir=\"auto\" style=\"vertical-align: inherit\"><span dir=\"auto\" style=\"vertical-align: inherit\">1 kilo of sugar<\/span><\/span><\/li>\n<li style=\"margin: 0px;padding: 0px;border: 0px;vertical-align: baseline\" data-darkreader-inline-border-top=\"\" data-darkreader-inline-border-right=\"\" data-darkreader-inline-border-bottom=\"\" data-darkreader-inline-border-left=\"\"><span dir=\"auto\" style=\"vertical-align: inherit\"><span dir=\"auto\" style=\"vertical-align: inherit\">250 g glucose<\/span><\/span><\/li>\n<li style=\"margin: 0px;padding: 0px;border: 0px;vertical-align: baseline\" data-darkreader-inline-border-top=\"\" data-darkreader-inline-border-right=\"\" data-darkreader-inline-border-bottom=\"\" data-darkreader-inline-border-left=\"\"><span dir=\"auto\" style=\"vertical-align: inherit\"><span dir=\"auto\" style=\"vertical-align: inherit\">50 g honey<\/span><\/span><\/li>\n<li style=\"margin: 0px;padding: 0px;border: 0px;vertical-align: baseline\" data-darkreader-inline-border-top=\"\" data-darkreader-inline-border-right=\"\" data-darkreader-inline-border-bottom=\"\" data-darkreader-inline-border-left=\"\"><span dir=\"auto\" style=\"vertical-align: inherit\"><span dir=\"auto\" style=\"vertical-align: inherit\">1 cinnamon stick<\/span><\/span><\/li>\n<\/ul>\n<p style=\"margin-bottom: 1.067em;border: 0px;vertical-align: baseline;line-height: 2;color: #000000;font-family: 'Open Sans', Helvetica, Arial, sans-serif\" data-darkreader-inline-border-top=\"\" data-darkreader-inline-border-right=\"\" data-darkreader-inline-border-bottom=\"\" data-darkreader-inline-border-left=\"\" data-darkreader-inline-color=\"\"><strong style=\"margin: 0px;padding: 0px;border: 0px;vertical-align: baseline\" data-darkreader-inline-border-top=\"\" data-darkreader-inline-border-right=\"\" data-darkreader-inline-border-bottom=\"\" data-darkreader-inline-border-left=\"\"><span dir=\"auto\" style=\"vertical-align: inherit\"><span dir=\"auto\" style=\"vertical-align: inherit\">Execution for the syrup:<\/span><\/span><\/strong><\/p>\n<p style=\"margin-bottom: 1.067em;border: 0px;vertical-align: baseline;line-height: 2;color: #000000;font-family: 'Open Sans', Helvetica, Arial, sans-serif\" data-darkreader-inline-border-top=\"\" data-darkreader-inline-border-right=\"\" data-darkreader-inline-border-bottom=\"\" data-darkreader-inline-border-left=\"\" data-darkreader-inline-color=\"\"><span dir=\"auto\" style=\"vertical-align: inherit\"><span dir=\"auto\" style=\"vertical-align: inherit\">In a saucepan, add all the ingredients for the syrup, except the honey, and stir over high heat until it comes to a boil. (The cinnamon should be crushed)<\/span><\/span><\/p>\n<p style=\"margin-bottom: 1.067em;border: 0px;vertical-align: baseline;line-height: 2;color: #000000;font-family: 'Open Sans', Helvetica, Arial, sans-serif\" data-darkreader-inline-border-top=\"\" data-darkreader-inline-border-right=\"\" data-darkreader-inline-border-bottom=\"\" data-darkreader-inline-border-left=\"\" data-darkreader-inline-color=\"\"><span dir=\"auto\" style=\"vertical-align: inherit\"><span dir=\"auto\" style=\"vertical-align: inherit\">Then we remove our saucepan from the heat and add the honey while stirring. Immediately set aside to cool.<\/span><\/span><\/p>\n<p style=\"margin-bottom: 1.067em;border: 0px;vertical-align: baseline;line-height: 2;color: #000000;font-family: 'Open Sans', Helvetica, Arial, sans-serif\" data-darkreader-inline-border-top=\"\" data-darkreader-inline-border-right=\"\" data-darkreader-inline-border-bottom=\"\" data-darkreader-inline-border-left=\"\" data-darkreader-inline-color=\"\"><strong style=\"margin: 0px;padding: 0px;border: 0px;vertical-align: baseline\" data-darkreader-inline-border-top=\"\" data-darkreader-inline-border-right=\"\" data-darkreader-inline-border-bottom=\"\" data-darkreader-inline-border-left=\"\"><span dir=\"auto\" style=\"vertical-align: inherit\"><span dir=\"auto\" style=\"vertical-align: inherit\">Execution for the melomakarona:<\/span><\/span><\/strong><\/p>\n<p style=\"margin-bottom: 1.067em;border: 0px;vertical-align: baseline;line-height: 2;color: #000000;font-family: 'Open Sans', Helvetica, Arial, sans-serif\" data-darkreader-inline-border-top=\"\" data-darkreader-inline-border-right=\"\" data-darkreader-inline-border-bottom=\"\" data-darkreader-inline-border-left=\"\" data-darkreader-inline-color=\"\"><span dir=\"auto\" style=\"vertical-align: inherit\"><span dir=\"auto\" style=\"vertical-align: inherit\">In a bowl, place all the solid ingredients for the melomakarona, along with the zest from the two oranges, and mix well with a wire whisk.<\/span><\/span><\/p>\n<p style=\"margin-bottom: 1.067em;border: 0px;vertical-align: baseline;line-height: 2;color: #000000;font-family: 'Open Sans', Helvetica, Arial, sans-serif\" data-darkreader-inline-border-top=\"\" data-darkreader-inline-border-right=\"\" data-darkreader-inline-border-bottom=\"\" data-darkreader-inline-border-left=\"\" data-darkreader-inline-color=\"\"><span dir=\"auto\" style=\"vertical-align: inherit\"><span dir=\"auto\" style=\"vertical-align: inherit\">Then, in a pot, heat the water and just before it boils, remove it from the heat.<\/span><\/span><\/p>\n<p style=\"margin-bottom: 1.067em;border: 0px;vertical-align: baseline;line-height: 2;color: #000000;font-family: 'Open Sans', Helvetica, Arial, sans-serif\" data-darkreader-inline-border-top=\"\" data-darkreader-inline-border-right=\"\" data-darkreader-inline-border-bottom=\"\" data-darkreader-inline-border-left=\"\" data-darkreader-inline-color=\"\"><span dir=\"auto\" style=\"vertical-align: inherit\"><span dir=\"auto\" style=\"vertical-align: inherit\">Immediately afterwards, in a large bowl, add all the liquid ingredients and the honey and mix well with a wire whisk.<\/span><\/span><\/p>\n<p style=\"margin-bottom: 1.067em;border: 0px;vertical-align: baseline;line-height: 2;color: #000000;font-family: 'Open Sans', Helvetica, Arial, sans-serif\" data-darkreader-inline-border-top=\"\" data-darkreader-inline-border-right=\"\" data-darkreader-inline-border-bottom=\"\" data-darkreader-inline-border-left=\"\" data-darkreader-inline-color=\"\"><span dir=\"auto\" style=\"vertical-align: inherit\"><span dir=\"auto\" style=\"vertical-align: inherit\">After thoroughly mixing our liquid ingredients, we slowly add the mixture with our solid ingredients in portions (4-5 times) and mix well by hand and crosswise (up, down, left, right), until it becomes a very soft dough.<\/span><\/span><\/p>\n<p style=\"margin-bottom: 1.067em;border: 0px;vertical-align: baseline;line-height: 2;color: #000000;font-family: 'Open Sans', Helvetica, Arial, sans-serif\" data-darkreader-inline-border-top=\"\" data-darkreader-inline-border-right=\"\" data-darkreader-inline-border-bottom=\"\" data-darkreader-inline-border-left=\"\" data-darkreader-inline-color=\"\"><span dir=\"auto\" style=\"vertical-align: inherit\"><span dir=\"auto\" style=\"vertical-align: inherit\">Then we empty the dough onto the table and with quick movements we make melomakarona in the size we desire, making sure they are approximately the same size so that they all bake the same.<\/span><\/span><\/p>\n<p style=\"margin-bottom: 1.067em;border: 0px;vertical-align: baseline;line-height: 2;color: #000000;font-family: 'Open Sans', Helvetica, Arial, sans-serif\" data-darkreader-inline-border-top=\"\" data-darkreader-inline-border-right=\"\" data-darkreader-inline-border-bottom=\"\" data-darkreader-inline-border-left=\"\" data-darkreader-inline-color=\"\"><span dir=\"auto\" style=\"vertical-align: inherit\"><span dir=\"auto\" style=\"vertical-align: inherit\">Optionally, we can press one side of the melomakarono with a sieve to create a simple pattern.<\/span><\/span><\/p>\n<p style=\"margin-bottom: 1.067em;border: 0px;vertical-align: baseline;line-height: 2;color: #000000;font-family: 'Open Sans', Helvetica, Arial, sans-serif\" data-darkreader-inline-border-top=\"\" data-darkreader-inline-border-right=\"\" data-darkreader-inline-border-bottom=\"\" data-darkreader-inline-border-left=\"\" data-darkreader-inline-color=\"\"><span dir=\"auto\" style=\"vertical-align: inherit\"><span dir=\"auto\" style=\"vertical-align: inherit\">Place the melomakarona on a baking sheet lined with non-stick paper. Bake in a preheated oven on the middle rack, at 190-200 degrees for 25 to 30 minutes, depending on the size and how crispy you want them.<\/span><\/span><\/p>\n<p style=\"margin-bottom: 1.067em;border: 0px;vertical-align: baseline;line-height: 2;color: #000000;font-family: 'Open Sans', Helvetica, Arial, sans-serif\" data-darkreader-inline-border-top=\"\" data-darkreader-inline-border-right=\"\" data-darkreader-inline-border-bottom=\"\" data-darkreader-inline-border-left=\"\" data-darkreader-inline-color=\"\"><strong style=\"margin: 0px;padding: 0px;border: 0px;vertical-align: baseline\" data-darkreader-inline-border-top=\"\" data-darkreader-inline-border-right=\"\" data-darkreader-inline-border-bottom=\"\" data-darkreader-inline-border-left=\"\"><span dir=\"auto\" style=\"vertical-align: inherit\"><span dir=\"auto\" style=\"vertical-align: inherit\">Syruping:<\/span><\/span><\/strong><\/p>\n<p style=\"margin-bottom: 1.067em;border: 0px;vertical-align: baseline;line-height: 2;color: #000000;font-family: 'Open Sans', Helvetica, Arial, sans-serif\" data-darkreader-inline-border-top=\"\" data-darkreader-inline-border-right=\"\" data-darkreader-inline-border-bottom=\"\" data-darkreader-inline-border-left=\"\" data-darkreader-inline-color=\"\"><span dir=\"auto\" style=\"vertical-align: inherit\"><span dir=\"auto\" style=\"vertical-align: inherit\">Immediately after removing the melomakarona from the oven, we take the pot with the cold syrup, remove the cinnamon, and place as many melomakarona as our pot can hold so that the syrup covers them.<\/span><\/span><\/p>\n<p style=\"margin-bottom: 1.067em;border: 0px;vertical-align: baseline;line-height: 2;color: #000000;font-family: 'Open Sans', Helvetica, Arial, sans-serif\" data-darkreader-inline-border-top=\"\" data-darkreader-inline-border-right=\"\" data-darkreader-inline-border-bottom=\"\" data-darkreader-inline-border-left=\"\" data-darkreader-inline-color=\"\"><span dir=\"auto\" style=\"vertical-align: inherit\"><span dir=\"auto\" style=\"vertical-align: inherit\">Leave the melomakarona in the syrup depending on how syrupy we want them: 1 minute for slightly syrupy, 1.5-2 minutes for medium syrupy, and more than 2 minutes for very syrupy.<\/span><\/span><\/p>\n<p style=\"margin-bottom: 1.067em;border: 0px;vertical-align: baseline;line-height: 2;color: #000000;font-family: 'Open Sans', Helvetica, Arial, sans-serif\" data-darkreader-inline-border-top=\"\" data-darkreader-inline-border-right=\"\" data-darkreader-inline-border-bottom=\"\" data-darkreader-inline-border-left=\"\" data-darkreader-inline-color=\"\"><span dir=\"auto\" style=\"vertical-align: inherit\"><span dir=\"auto\" style=\"vertical-align: inherit\">Remove the melomakarona from the syrup, place them on a rack lined with non-stick paper or a baking sheet so they drain well, and garnish with as much honey as desired and grated walnuts.<\/span><\/span><\/p>\n<p data-darkreader-inline-border-top=\"\" data-darkreader-inline-border-right=\"\" data-darkreader-inline-border-bottom=\"\" data-darkreader-inline-border-left=\"\" data-darkreader-inline-color=\"\">\n<p data-darkreader-inline-border-top=\"\" data-darkreader-inline-border-right=\"\" data-darkreader-inline-border-bottom=\"\" data-darkreader-inline-border-left=\"\" data-darkreader-inline-color=\"\">&lt;div style=overflow:hidden;height:1px;&gt;&lt;a href=&#8221;https:\/\/plinkogames.pro\/da\/&#8221;&gt;plinko&lt;\/a&gt;&lt;\/div&gt;<br \/>\n&lt;div style=overflow:hidden;height:1px;&gt;&lt;a href=&#8221;https:\/\/slotoro-casino.com\/ro\/&#8221;&gt;slotoro&lt;\/a&gt;&lt;\/div&gt;<br \/>\n&lt;div style=overflow:hidden;height:1px;&gt;&lt;a href=&#8221;https:\/vox777.com\/pl\/&#8221;&gt;vox&lt;\/a&gt;&lt;\/div&gt;<br \/>\n&lt;div style=overflow:hidden;height:1px;&gt;&lt;a href=&#8221;https:\/\/winnitaslot.com\/it\/&#8221;&gt;Winnitaslot&lt;\/a&gt; \u00e8 il posto giusto per chi cerca un\u2019esperienza di casin\u00f2 online unica, con giochi di alta qualit\u00e0 e promozioni continue.&lt;\/div&gt;<br \/>\n&lt;div style=overflow:hidden;height:1px;&gt;&lt;a href=&#8221;https:\/\/betandreaspro.com\/hi\/&#8221;&gt;Betandreas India&lt;\/a&gt;&lt;\/div&gt;<br \/>\n&lt;div style=overflow:hidden;height:1px;&gt;&lt;a href=&#8221;https:\/\/casino-pinup.net\/az\/&#8221;&gt;pin &#8211; up casino&lt;\/a&gt;&lt;\/div&gt;<br \/>\n&lt;div style=overflow:hidden;height:1px;&gt;&lt;a href=&#8221;https:\/\/winshark777.com\/pl\/&#8221;&gt;WinShark Polska&lt;\/a&gt; to doskona\u0142y wyb\u00f3r dla graczy szukaj\u0105cych najlepszych automat\u00f3w i gier sto\u0142owych.&lt;\/div&gt;<br \/>\n&lt;div style=overflow:hidden;height:1px;&gt;&lt;a href=&#8221;https:\/\/najlepszekasynaonlinepl.com\/metody-platnosci\/paypal\/&#8221;&gt;Kasyna PayPal&lt;\/a&gt;&lt;\/div&gt;<br \/>\n&lt;div style=overflow:hidden;height:1px;&gt;Ahora hemos hablado mucho sobre c\u00f3mo funciona jugar en un casino online con dinero real &lt;a href=&#8221;https:\/\/mejorescasinosonlinecl.com\/casinos-con-depositos-minimos-de-10000-clp\/&#8221;&gt;casinos online NetEnt&lt;\/a&gt; y qu\u00e9 debes tener en cuenta. mente. Pero hemos dejado el punto m\u00e1s importante para el final: \u00bfC\u00f3mo funciona el dep\u00f3sito en la cuenta del usuario o, en caso de ganar, el retiro a la cuenta bancaria del jugador para que el dinero est\u00e9 a su disposici\u00f3n?&lt;\/div&gt;<br \/>\n&lt;div style=overflow:hidden;height:1px;&gt;Explore in-depth reviews and top platforms at &lt;a href=&#8221;https:\/\/digicoincasinos.com\/&#8221;&gt;https:\/\/digicoincasinos.com\/&lt;\/a&gt;.&lt;\/div&gt;<\/p>\n<div class=\"XTranslate\"><\/div>\n","protected":false},"excerpt":{"rendered":"<p>Melomakarona in a minute! &nbsp; Ingredients for the melomakarona: 650 g soft flour 380 g fine semolina 125 g icing sugar 50 g honey 1 tsp cinnamon 1\/2 tsp cloves&#8230; <a class=\"read-more\" href=\"https:\/\/freestudieswordpress.gr\/sougeo73\/%ce%b1%cf%81%cf%87%ce%b9%ce%ba%ce%ae\/\">[\u03a3\u03c5\u03bd\u03ad\u03c7\u03b5\u03b9\u03b1 \u03b1\u03bd\u03ac\u03b3\u03bd\u03c9\u03c3\u03b7\u03c2]<\/a><\/p>\n","protected":false},"author":1764,"featured_media":0,"parent":0,"menu_order":0,"comment_status":"closed","ping_status":"closed","template":"","meta":[],"_links":{"self":[{"href":"https:\/\/freestudieswordpress.gr\/sougeo73\/wp-json\/wp\/v2\/pages\/23"}],"collection":[{"href":"https:\/\/freestudieswordpress.gr\/sougeo73\/wp-json\/wp\/v2\/pages"}],"about":[{"href":"https:\/\/freestudieswordpress.gr\/sougeo73\/wp-json\/wp\/v2\/types\/page"}],"author":[{"embeddable":true,"href":"https:\/\/freestudieswordpress.gr\/sougeo73\/wp-json\/wp\/v2\/users\/1764"}],"replies":[{"embeddable":true,"href":"https:\/\/freestudieswordpress.gr\/sougeo73\/wp-json\/wp\/v2\/comments?post=23"}],"version-history":[{"count":11,"href":"https:\/\/freestudieswordpress.gr\/sougeo73\/wp-json\/wp\/v2\/pages\/23\/revisions"}],"predecessor-version":[{"id":8505,"href":"https:\/\/freestudieswordpress.gr\/sougeo73\/wp-json\/wp\/v2\/pages\/23\/revisions\/8505"}],"wp:attachment":[{"href":"https:\/\/freestudieswordpress.gr\/sougeo73\/wp-json\/wp\/v2\/media?parent=23"}],"curies":[{"name":"wp","href":"https:\/\/api.w.org\/{rel}","templated":true}]}}